{"id":9,"date":"2025-06-17T20:25:06","date_gmt":"2025-06-17T23:25:06","guid":{"rendered":"https:\/\/www.virginia.com.br\/wp\/?page_id=9"},"modified":"2025-10-08T12:55:09","modified_gmt":"2025-10-08T15:55:09","slug":"sobre","status":"publish","type":"page","link":"https:\/\/www.virginia.com.br\/wp\/sobre\/","title":{"rendered":"Sobre"},"content":{"rendered":"\t\t<div data-elementor-type=\"wp-page\" data-elementor-id=\"9\" class=\"elementor elementor-9\" data-elementor-post-type=\"page\">\n\t\t\t\t\t\t<section class=\"elementor-section elementor-top-section elementor-element elementor-element-8937f76 elementor-section-boxed elementor-section-height-default elementor-section-height-default\" data-id=\"8937f76\" data-element_type=\"section\" data-settings=\"{&quot;background_background&quot;:&quot;classic&quot;}\">\n\t\t\t\t\t\t\t<div class=\"elementor-background-overlay\"><\/div>\n\t\t\t\t\t\t\t<div class=\"elementor-container elementor-column-gap-default\">\n\t\t\t\t\t<div class=\"elementor-column elementor-col-50 elementor-top-column elementor-element elementor-element-4feaa7d\" data-id=\"4feaa7d\" data-element_type=\"column\">\n\t\t\t<div class=\"elementor-widget-wrap elementor-element-populated\">\n\t\t\t\t\t\t<div class=\"elementor-element elementor-element-12a4f5a elementor-invisible elementor-widget elementor-widget-heading\" data-id=\"12a4f5a\" data-element_type=\"widget\" data-settings=\"{&quot;_animation&quot;:&quot;fadeIn&quot;}\" data-widget_type=\"heading.default\">\n\t\t\t\t<div class=\"elementor-widget-container\">\n\t\t\t\t\t<h2 class=\"elementor-heading-title elementor-size-default\">NOSSA<br>\nHIST\u00d3RIA<\/h2>\t\t\t\t<\/div>\n\t\t\t\t<\/div>\n\t\t\t\t<div class=\"elementor-element elementor-element-75d7195 elementor-widget elementor-widget-heading\" data-id=\"75d7195\" data-element_type=\"widget\" data-widget_type=\"heading.default\">\n\t\t\t\t<div class=\"elementor-widget-container\">\n\t\t\t\t\t<h2 class=\"elementor-heading-title elementor-size-default\">Uma hist\u00f3ria constru\u00edda com tradi\u00e7\u00e3o, excel\u00eancia e pessoas.<\/h2>\t\t\t\t<\/div>\n\t\t\t\t<\/div>\n\t\t\t\t\t<\/div>\n\t\t<\/div>\n\t\t\t\t<div class=\"elementor-column elementor-col-50 elementor-top-column elementor-element elementor-element-d003c91\" data-id=\"d003c91\" data-element_type=\"column\">\n\t\t\t<div class=\"elementor-widget-wrap elementor-element-populated\">\n\t\t\t\t\t\t<div class=\"elementor-element elementor-element-647f03f elementor-widget elementor-widget-video\" data-id=\"647f03f\" data-element_type=\"widget\" data-settings=\"{&quot;youtube_url&quot;:&quot;https:\\\/\\\/www.youtube.com\\\/watch?v=ycZiBnaILuE&quot;,&quot;video_type&quot;:&quot;youtube&quot;,&quot;controls&quot;:&quot;yes&quot;}\" data-widget_type=\"video.default\">\n\t\t\t\t<div class=\"elementor-widget-container\">\n\t\t\t\t\t\t\t<div class=\"elementor-wrapper elementor-open-inline\">\n\t\t\t<div class=\"elementor-video\"><\/div>\t\t<\/div>\n\t\t\t\t\t\t<\/div>\n\t\t\t\t<\/div>\n\t\t\t\t<div class=\"elementor-element elementor-element-d66b222 elementor-invisible elementor-widget elementor-widget-text-editor\" data-id=\"d66b222\" data-element_type=\"widget\" data-settings=\"{&quot;_animation&quot;:&quot;fadeIn&quot;,&quot;_animation_delay&quot;:500}\" data-widget_type=\"text-editor.default\">\n\t\t\t\t<div class=\"elementor-widget-container\">\n\t\t\t\t\t\t\t\t\t<p><strong data-start=\"215\" data-end=\"278\">Uma hist\u00f3ria constru\u00edda com tradi\u00e7\u00e3o, excel\u00eancia e pessoas.<\/strong><br data-start=\"278\" data-end=\"281\" \/>Desde 1951, a Virg\u00ednia vem crescendo com prop\u00f3sito e compromisso, transformando-se em uma das maiores distribuidoras de bebidas do Brasil. Com esp\u00edrito familiar, foco em qualidade e um time comprometido, seguimos evoluindo, inovando e expandindo com responsabilidade e orgulho da nossa trajet\u00f3ria.<\/p>\t\t\t\t\t\t\t\t<\/div>\n\t\t\t\t<\/div>\n\t\t\t\t\t<\/div>\n\t\t<\/div>\n\t\t\t\t\t<\/div>\n\t\t<\/section>\n\t\t\t\t<section class=\"elementor-section elementor-top-section elementor-element elementor-element-7f8fdda elementor-section-boxed elementor-section-height-default elementor-section-height-default\" data-id=\"7f8fdda\" data-element_type=\"section\" data-settings=\"{&quot;background_background&quot;:&quot;classic&quot;}\">\n\t\t\t\t\t\t<div class=\"elementor-container elementor-column-gap-default\">\n\t\t\t\t\t<div class=\"elementor-column elementor-col-100 elementor-top-column elementor-element elementor-element-2799de0\" data-id=\"2799de0\" data-element_type=\"column\">\n\t\t\t<div class=\"elementor-widget-wrap elementor-element-populated\">\n\t\t\t\t\t\t<section class=\"elementor-section elementor-inner-section elementor-element elementor-element-9c19a08 elementor-section-boxed elementor-section-height-default elementor-section-height-default\" data-id=\"9c19a08\" data-element_type=\"section\">\n\t\t\t\t\t\t<div class=\"elementor-container elementor-column-gap-no\">\n\t\t\t\t\t<div class=\"elementor-column elementor-col-50 elementor-inner-column elementor-element elementor-element-f56f2bb\" data-id=\"f56f2bb\" data-element_type=\"column\">\n\t\t\t<div class=\"elementor-widget-wrap elementor-element-populated\">\n\t\t\t\t\t\t<div class=\"elementor-element elementor-element-57a7ac3 elementor-invisible elementor-widget elementor-widget-text-editor\" data-id=\"57a7ac3\" data-element_type=\"widget\" data-settings=\"{&quot;_animation&quot;:&quot;fadeIn&quot;,&quot;_animation_delay&quot;:500}\" data-widget_type=\"text-editor.default\">\n\t\t\t\t<div class=\"elementor-widget-container\">\n\t\t\t\t\t\t\t\t\t<p>A trajet\u00f3ria da Virginia <strong>come\u00e7ou em 1951<\/strong>, com a funda\u00e7\u00e3o da Ind\u00fastria de <strong>Bebidas Virginia<\/strong> por Waldemar Buosi \u2014 uma homenagem \u00e0 sua m\u00e3e, Virginia Buosi. Com o tempo, a empresa evoluiu, tornando-se a Comercial de Bebidas Virginia, e mais tarde, uma das <strong>principais distribuidoras do pa\u00eds.<\/strong><\/p><p>\u00a0<\/p><p>Em 1961, tornou-se a distribuidora oficial da <strong>Brahma<\/strong> em Maring\u00e1 \u2014 posi\u00e7\u00e3o que mant\u00e9m at\u00e9 hoje. O ano de 2007 marcou uma nova fase com a aquisi\u00e7\u00e3o das marcas <strong>Skol<\/strong> e <strong>Antarctica<\/strong> e a entrada de um novo s\u00f3cio da antiga Revenda Paccola, de Camb\u00e9. Assim <strong>nasceu a Distribuidora de Bebidas Virginia<\/strong>, consolidando sua <strong>parceria exclusiva com a Ambev<\/strong>.<\/p><p>\u00a0<\/p><p>Desde 2023, a empresa vive um momento de expans\u00e3o, ampliando sua \u00e1rea de atua\u00e7\u00e3o para <strong>150 cidades no Paran\u00e1<\/strong>, incluindo as regi\u00f5es de Maring\u00e1, Guarapuava, Ponta Grossa e Norte Pioneiro. Atualmente, a Virginia \u00e9 respons\u00e1vel por mais de 43% do territ\u00f3rio paranaense e \u00e9 reconhecida como a <strong>maior revenda Ambev do Sul do Brasil<\/strong>.<\/p>\t\t\t\t\t\t\t\t<\/div>\n\t\t\t\t<\/div>\n\t\t\t\t\t<\/div>\n\t\t<\/div>\n\t\t\t\t<div class=\"elementor-column elementor-col-50 elementor-inner-column elementor-element elementor-element-687ced1\" data-id=\"687ced1\" data-element_type=\"column\">\n\t\t\t<div class=\"elementor-widget-wrap elementor-element-populated\">\n\t\t\t\t\t\t<div class=\"elementor-element elementor-element-2e583bd elementor-widget elementor-widget-image\" data-id=\"2e583bd\" data-element_type=\"widget\" data-widget_type=\"image.default\">\n\t\t\t\t<div class=\"elementor-widget-container\">\n\t\t\t\t\t\t\t\t\t\t\t\t\t\t\t<img fetchpriority=\"high\" decoding=\"async\" width=\"972\" height=\"892\" src=\"https:\/\/www.virginia.com.br\/wp\/wp\/wp-content\/uploads\/2025\/09\/Images.png\" class=\"attachment-large size-large wp-image-1199\" alt=\"\" srcset=\"https:\/\/www.virginia.com.br\/wp\/wp\/wp-content\/uploads\/2025\/09\/Images.png 972w, https:\/\/www.virginia.com.br\/wp\/wp\/wp-content\/uploads\/2025\/09\/Images-300x275.png 300w, https:\/\/www.virginia.com.br\/wp\/wp\/wp-content\/uploads\/2025\/09\/Images-768x705.png 768w\" sizes=\"(max-width: 972px) 100vw, 972px\" \/>\t\t\t\t\t\t\t\t\t\t\t\t\t\t\t<\/div>\n\t\t\t\t<\/div>\n\t\t\t\t\t<\/div>\n\t\t<\/div>\n\t\t\t\t\t<\/div>\n\t\t<\/section>\n\t\t\t\t<section class=\"elementor-section elementor-inner-section elementor-element elementor-element-a5063b5 elementor-section-boxed elementor-section-height-default elementor-section-height-default\" data-id=\"a5063b5\" data-element_type=\"section\">\n\t\t\t\t\t\t<div class=\"elementor-container elementor-column-gap-no\">\n\t\t\t\t\t<div class=\"elementor-column elementor-col-100 elementor-inner-column elementor-element elementor-element-baebc4f\" data-id=\"baebc4f\" data-element_type=\"column\">\n\t\t\t<div class=\"elementor-widget-wrap elementor-element-populated\">\n\t\t\t\t\t\t<div class=\"elementor-element elementor-element-15bd661 elementor-invisible elementor-widget elementor-widget-text-editor\" data-id=\"15bd661\" data-element_type=\"widget\" data-settings=\"{&quot;_animation&quot;:&quot;fadeIn&quot;,&quot;_animation_delay&quot;:500}\" data-widget_type=\"text-editor.default\">\n\t\t\t\t<div class=\"elementor-widget-container\">\n\t\t\t\t\t\t\t\t\t<p>Com mais de <strong>70 anos de hist\u00f3ria<\/strong>, a Virginia mant\u00e9m o esp\u00edrito de empresa familiar, sustentada pelos pilares da <strong>Hist\u00f3ria, Orgulho e Excel\u00eancia<\/strong>. Est\u00e1 entre as 10 maiores revendas Ambev do pa\u00eds, sendo frequentemente premiada por sua performance e qualidade.<\/p><p>\u00a0<\/p><p>Acreditamos que neg\u00f3cios de sucesso s\u00e3o feitos por <strong>pessoas e para pessoas<\/strong>. Por isso, investimos continuamente no desenvolvimento de talentos, na seguran\u00e7a e na valoriza\u00e7\u00e3o da diversidade.<\/p>\t\t\t\t\t\t\t\t<\/div>\n\t\t\t\t<\/div>\n\t\t\t\t<div class=\"elementor-element elementor-element-01af063 elementor-widget elementor-widget-image\" data-id=\"01af063\" data-element_type=\"widget\" data-widget_type=\"image.default\">\n\t\t\t\t<div class=\"elementor-widget-container\">\n\t\t\t\t\t\t\t\t\t\t\t\t\t\t\t<img decoding=\"async\" width=\"1698\" height=\"418\" src=\"https:\/\/www.virginia.com.br\/wp\/wp\/wp-content\/uploads\/2025\/09\/imgsobre3.png\" class=\"attachment-full size-full wp-image-1203\" alt=\"\" srcset=\"https:\/\/www.virginia.com.br\/wp\/wp\/wp-content\/uploads\/2025\/09\/imgsobre3.png 1698w, https:\/\/www.virginia.com.br\/wp\/wp\/wp-content\/uploads\/2025\/09\/imgsobre3-300x74.png 300w, https:\/\/www.virginia.com.br\/wp\/wp\/wp-content\/uploads\/2025\/09\/imgsobre3-1024x252.png 1024w, https:\/\/www.virginia.com.br\/wp\/wp\/wp-content\/uploads\/2025\/09\/imgsobre3-768x189.png 768w, https:\/\/www.virginia.com.br\/wp\/wp\/wp-content\/uploads\/2025\/09\/imgsobre3-1536x378.png 1536w\" sizes=\"(max-width: 1698px) 100vw, 1698px\" \/>\t\t\t\t\t\t\t\t\t\t\t\t\t\t\t<\/div>\n\t\t\t\t<\/div>\n\t\t\t\t<div class=\"elementor-element elementor-element-f9d9253 elementor-invisible elementor-widget elementor-widget-text-editor\" data-id=\"f9d9253\" data-element_type=\"widget\" data-settings=\"{&quot;_animation&quot;:&quot;fadeIn&quot;,&quot;_animation_delay&quot;:500}\" data-widget_type=\"text-editor.default\">\n\t\t\t\t<div class=\"elementor-widget-container\">\n\t\t\t\t\t\t\t\t\t<p>Cada detalhe do nosso servi\u00e7o \u00e9 tratado com seriedade. Nossos indicadores de N\u00edvel de Presta\u00e7\u00e3o de Servi\u00e7o e Rating de Entrega est\u00e3o entre os melhores do Brasil. Contamos com uma frota de mais de 118 ve\u00edculos, que <strong>realizam mais de 50 mil entregas por m\u00eas<\/strong>, sempre com responsabilidade socioambiental: lavagem com produtos biodegrad\u00e1veis, reciclagem de materiais e uso de caminh\u00f5es el\u00e9tricos fazem parte da rotina.<\/p><p>\u00a0<\/p><p>Al\u00e9m da distribui\u00e7\u00e3o de bebidas Ambev, o Grupo Virginia tamb\u00e9m atua com a distribui\u00e7\u00e3o dos produtos DPA (A Iogurteria Nestl\u00e9) em 130 cidades, com franquias do Chopp Brahma Express em Maring\u00e1, Umuarama, Apucarana e Ponta Grossa, e com a opera\u00e7\u00e3o do Z\u00e9 Delivery na cidade de origem da empresa.<\/p>\t\t\t\t\t\t\t\t<\/div>\n\t\t\t\t<\/div>\n\t\t\t\t\t<\/div>\n\t\t<\/div>\n\t\t\t\t\t<\/div>\n\t\t<\/section>\n\t\t\t\t\t<\/div>\n\t\t<\/div>\n\t\t\t\t\t<\/div>\n\t\t<\/section>\n\t\t\t\t<section class=\"elementor-section elementor-top-section elementor-element elementor-element-cf8847f elementor-section-full_width elementor-section-height-default elementor-section-height-default\" data-id=\"cf8847f\" data-element_type=\"section\" data-settings=\"{&quot;background_background&quot;:&quot;classic&quot;,&quot;shape_divider_top&quot;:&quot;triangle-asymmetrical&quot;}\">\n\t\t\t\t\t<div class=\"elementor-shape elementor-shape-top\" aria-hidden=\"true\" data-negative=\"false\">\n\t\t\t<svg xmlns=\"http:\/\/www.w3.org\/2000\/svg\" viewBox=\"0 0 1000 100\" preserveAspectRatio=\"none\">\n\t<path class=\"elementor-shape-fill\" d=\"M738,99l262-93V0H0v5.6L738,99z\"\/>\n<\/svg>\t\t<\/div>\n\t\t\t\t\t<div class=\"elementor-container elementor-column-gap-no\">\n\t\t\t\t\t<div class=\"elementor-column elementor-col-100 elementor-top-column elementor-element elementor-element-32b919a\" data-id=\"32b919a\" data-element_type=\"column\">\n\t\t\t<div class=\"elementor-widget-wrap elementor-element-populated\">\n\t\t\t\t\t\t<div class=\"elementor-element elementor-element-99d4a1d elementor-arrows-position-outside elementor-pagination-position-outside elementor-widget elementor-widget-image-carousel\" data-id=\"99d4a1d\" data-element_type=\"widget\" data-settings=\"{&quot;slides_to_show&quot;:&quot;1&quot;,&quot;navigation&quot;:&quot;both&quot;,&quot;infinite&quot;:&quot;yes&quot;,&quot;effect&quot;:&quot;slide&quot;,&quot;speed&quot;:500}\" data-widget_type=\"image-carousel.default\">\n\t\t\t\t<div class=\"elementor-widget-container\">\n\t\t\t\t\t\t\t<div class=\"elementor-image-carousel-wrapper swiper\" role=\"region\" aria-roledescription=\"carousel\" aria-label=\"Carrossel de imagens\" dir=\"ltr\">\n\t\t\t<div class=\"elementor-image-carousel swiper-wrapper\" aria-live=\"polite\">\n\t\t\t\t\t\t\t\t<div class=\"swiper-slide\" role=\"group\" aria-roledescription=\"slide\" aria-label=\"1 de 11\"><figure class=\"swiper-slide-inner\"><img decoding=\"async\" class=\"swiper-slide-image\" src=\"https:\/\/www.virginia.com.br\/wp\/wp\/wp-content\/uploads\/2025\/09\/principios.png\" alt=\"principios\" \/><\/figure><\/div><div class=\"swiper-slide\" role=\"group\" aria-roledescription=\"slide\" aria-label=\"2 de 11\"><figure class=\"swiper-slide-inner\"><img decoding=\"async\" class=\"swiper-slide-image\" src=\"https:\/\/www.virginia.com.br\/wp\/wp\/wp-content\/uploads\/2025\/09\/principios1.png\" alt=\"principios1\" \/><\/figure><\/div><div class=\"swiper-slide\" role=\"group\" aria-roledescription=\"slide\" aria-label=\"3 de 11\"><figure class=\"swiper-slide-inner\"><img decoding=\"async\" class=\"swiper-slide-image\" src=\"https:\/\/www.virginia.com.br\/wp\/wp\/wp-content\/uploads\/2025\/09\/principios2.png\" alt=\"principios2\" \/><\/figure><\/div><div class=\"swiper-slide\" role=\"group\" aria-roledescription=\"slide\" aria-label=\"4 de 11\"><figure class=\"swiper-slide-inner\"><img decoding=\"async\" class=\"swiper-slide-image\" src=\"https:\/\/www.virginia.com.br\/wp\/wp\/wp-content\/uploads\/2025\/09\/principios3.png\" alt=\"principios3\" \/><\/figure><\/div><div class=\"swiper-slide\" role=\"group\" aria-roledescription=\"slide\" aria-label=\"5 de 11\"><figure class=\"swiper-slide-inner\"><img decoding=\"async\" class=\"swiper-slide-image\" src=\"https:\/\/www.virginia.com.br\/wp\/wp\/wp-content\/uploads\/2025\/09\/principios4.png\" alt=\"principios4\" \/><\/figure><\/div><div class=\"swiper-slide\" role=\"group\" aria-roledescription=\"slide\" aria-label=\"6 de 11\"><figure class=\"swiper-slide-inner\"><img decoding=\"async\" class=\"swiper-slide-image\" src=\"https:\/\/www.virginia.com.br\/wp\/wp\/wp-content\/uploads\/2025\/09\/principios5.png\" alt=\"principios5\" \/><\/figure><\/div><div class=\"swiper-slide\" role=\"group\" aria-roledescription=\"slide\" aria-label=\"7 de 11\"><figure class=\"swiper-slide-inner\"><img decoding=\"async\" class=\"swiper-slide-image\" src=\"https:\/\/www.virginia.com.br\/wp\/wp\/wp-content\/uploads\/2025\/09\/principios6.png\" alt=\"principios6\" \/><\/figure><\/div><div class=\"swiper-slide\" role=\"group\" aria-roledescription=\"slide\" aria-label=\"8 de 11\"><figure class=\"swiper-slide-inner\"><img decoding=\"async\" class=\"swiper-slide-image\" src=\"https:\/\/www.virginia.com.br\/wp\/wp\/wp-content\/uploads\/2025\/09\/principios7.png\" alt=\"principios7\" \/><\/figure><\/div><div class=\"swiper-slide\" role=\"group\" aria-roledescription=\"slide\" aria-label=\"9 de 11\"><figure class=\"swiper-slide-inner\"><img decoding=\"async\" class=\"swiper-slide-image\" src=\"https:\/\/www.virginia.com.br\/wp\/wp\/wp-content\/uploads\/2025\/09\/principios8.png\" alt=\"principios8\" \/><\/figure><\/div><div class=\"swiper-slide\" role=\"group\" aria-roledescription=\"slide\" aria-label=\"10 de 11\"><figure class=\"swiper-slide-inner\"><img decoding=\"async\" class=\"swiper-slide-image\" src=\"https:\/\/www.virginia.com.br\/wp\/wp\/wp-content\/uploads\/2025\/09\/principios9.png\" alt=\"principios9\" \/><\/figure><\/div><div class=\"swiper-slide\" role=\"group\" aria-roledescription=\"slide\" aria-label=\"11 de 11\"><figure class=\"swiper-slide-inner\"><img decoding=\"async\" class=\"swiper-slide-image\" src=\"https:\/\/www.virginia.com.br\/wp\/wp\/wp-content\/uploads\/2025\/09\/principios10.png\" alt=\"principios10\" \/><\/figure><\/div>\t\t\t<\/div>\n\t\t\t\t\t\t\t\t\t\t\t\t<div class=\"elementor-swiper-button elementor-swiper-button-prev\" role=\"button\" tabindex=\"0\">\n\t\t\t\t\t\t<svg xmlns=\"http:\/\/www.w3.org\/2000\/svg\" width=\"25px\" height=\"25px\" viewBox=\"0 0 24 24\"><path fill=\"none\" stroke=\"#fff\" stroke-linecap=\"round\" stroke-linejoin=\"round\" stroke-width=\"0.7\" d=\"M15 6s-6 4.419-6 6s6 6 6 6\"><\/path><\/svg>\t\t\t\t\t<\/div>\n\t\t\t\t\t<div class=\"elementor-swiper-button elementor-swiper-button-next\" role=\"button\" tabindex=\"0\">\n\t\t\t\t\t\t<svg xmlns=\"http:\/\/www.w3.org\/2000\/svg\" width=\"25px\" height=\"25px\" viewBox=\"0 0 24 24\"><path fill=\"none\" stroke=\"#fff\" stroke-linecap=\"round\" stroke-linejoin=\"round\" stroke-width=\"0.7\" d=\"M9 6s6 4.419 6 6s-6 6-6 6\"><\/path><\/svg>\t\t\t\t\t<\/div>\n\t\t\t\t\n\t\t\t\t\t\t\t\t\t<div class=\"swiper-pagination\"><\/div>\n\t\t\t\t\t\t\t\t\t<\/div>\n\t\t\t\t\t\t<\/div>\n\t\t\t\t<\/div>\n\t\t\t\t\t<\/div>\n\t\t<\/div>\n\t\t\t\t\t<\/div>\n\t\t<\/section>\n\t\t\t\t<section class=\"elementor-section elementor-top-section elementor-element elementor-element-7a66811 elementor-section-boxed elementor-section-height-default elementor-section-height-default\" data-id=\"7a66811\" data-element_type=\"section\" data-settings=\"{&quot;background_background&quot;:&quot;classic&quot;}\">\n\t\t\t\t\t\t\t<div class=\"elementor-background-overlay\"><\/div>\n\t\t\t\t\t\t\t<div class=\"elementor-container elementor-column-gap-default\">\n\t\t\t\t\t<div class=\"elementor-column elementor-col-100 elementor-top-column elementor-element elementor-element-d8c824d\" data-id=\"d8c824d\" data-element_type=\"column\">\n\t\t\t<div class=\"elementor-widget-wrap elementor-element-populated\">\n\t\t\t\t\t\t<div class=\"elementor-element elementor-element-0219dd7 elementor-widget elementor-widget-text-editor\" data-id=\"0219dd7\" data-element_type=\"widget\" data-widget_type=\"text-editor.default\">\n\t\t\t\t<div class=\"elementor-widget-container\">\n\t\t\t\t\t\t\t\t\t<p>A Virginia \u00e9 respons\u00e1vel pela distribui\u00e7\u00e3o da Ambev na regi\u00e3o de Maring\u00e1, Guarapuava, Ponta Grossa e Norte Pioneiro, totalizando 150 cidades no estado do Paran\u00e1 com atendimento de mais de 43% do estado, sendo a maior Revenda Ambev do Sul do Brasil.<\/p>\t\t\t\t\t\t\t\t<\/div>\n\t\t\t\t<\/div>\n\t\t\t\t\t<\/div>\n\t\t<\/div>\n\t\t\t\t\t<\/div>\n\t\t<\/section>\n\t\t\t\t<\/div>\n\t\t","protected":false},"excerpt":{"rendered":"<p>NOSSA HIST\u00d3RIA Uma hist\u00f3ria constru\u00edda com tradi\u00e7\u00e3o, excel\u00eancia e pessoas. https:\/\/www.youtube.com\/watch?v=ycZiBnaILuE Uma hist\u00f3ria constru\u00edda com tradi\u00e7\u00e3o, excel\u00eancia e pessoas.Desde 1951, a Virg\u00ednia vem crescendo com prop\u00f3sito e compromisso, transformando-se em uma das maiores distribuidoras de bebidas do Brasil. Com esp\u00edrito familiar, foco em qualidade e um time comprometido, seguimos evoluindo, inovando e expandindo com responsabilidade [&hellip;]<\/p>\n","protected":false},"author":1,"featured_media":0,"parent":0,"menu_order":0,"comment_status":"closed","ping_status":"closed","template":"","meta":{"_acf_changed":false,"footnotes":""},"class_list":["post-9","page","type-page","status-publish","hentry"],"acf":[],"yoast_head":"<!-- This site is optimized with the Yoast SEO plugin v26.4 - https:\/\/yoast.com\/wordpress\/plugins\/seo\/ -->\n<title>Sobre - Virginia Distribuidora<\/title>\n<meta name=\"robots\" content=\"index, follow, max-snippet:-1, max-image-preview:large, max-video-preview:-1\" \/>\n<link rel=\"canonical\" href=\"https:\/\/www.virginia.com.br\/wp\/sobre\/\" \/>\n<meta property=\"og:locale\" content=\"pt_BR\" \/>\n<meta property=\"og:type\" content=\"article\" \/>\n<meta property=\"og:title\" content=\"Sobre - Virginia Distribuidora\" \/>\n<meta property=\"og:description\" content=\"NOSSA HIST\u00d3RIA Uma hist\u00f3ria constru\u00edda com tradi\u00e7\u00e3o, excel\u00eancia e pessoas. https:\/\/www.youtube.com\/watch?v=ycZiBnaILuE Uma hist\u00f3ria constru\u00edda com tradi\u00e7\u00e3o, excel\u00eancia e pessoas.Desde 1951, a Virg\u00ednia vem crescendo com prop\u00f3sito e compromisso, transformando-se em uma das maiores distribuidoras de bebidas do Brasil. Com esp\u00edrito familiar, foco em qualidade e um time comprometido, seguimos evoluindo, inovando e expandindo com responsabilidade [&hellip;]\" \/>\n<meta property=\"og:url\" content=\"https:\/\/www.virginia.com.br\/wp\/sobre\/\" \/>\n<meta property=\"og:site_name\" content=\"Virginia Distribuidora\" \/>\n<meta property=\"article:modified_time\" content=\"2025-10-08T15:55:09+00:00\" \/>\n<meta property=\"og:image\" content=\"https:\/\/www.virginia.com.br\/wp\/wp\/wp-content\/uploads\/2025\/09\/Images.png\" \/>\n\t<meta property=\"og:image:width\" content=\"972\" \/>\n\t<meta property=\"og:image:height\" content=\"892\" \/>\n\t<meta property=\"og:image:type\" content=\"image\/png\" \/>\n<meta name=\"twitter:card\" content=\"summary_large_image\" \/>\n<meta name=\"twitter:label1\" content=\"Est. tempo de leitura\" \/>\n\t<meta name=\"twitter:data1\" content=\"6 minutos\" \/>\n<!-- \/ Yoast SEO plugin. -->","yoast_head_json":{"title":"Sobre - Virginia Distribuidora","robots":{"index":"index","follow":"follow","max-snippet":"max-snippet:-1","max-image-preview":"max-image-preview:large","max-video-preview":"max-video-preview:-1"},"canonical":"https:\/\/www.virginia.com.br\/wp\/sobre\/","og_locale":"pt_BR","og_type":"article","og_title":"Sobre - Virginia Distribuidora","og_description":"NOSSA HIST\u00d3RIA Uma hist\u00f3ria constru\u00edda com tradi\u00e7\u00e3o, excel\u00eancia e pessoas. https:\/\/www.youtube.com\/watch?v=ycZiBnaILuE Uma hist\u00f3ria constru\u00edda com tradi\u00e7\u00e3o, excel\u00eancia e pessoas.Desde 1951, a Virg\u00ednia vem crescendo com prop\u00f3sito e compromisso, transformando-se em uma das maiores distribuidoras de bebidas do Brasil. Com esp\u00edrito familiar, foco em qualidade e um time comprometido, seguimos evoluindo, inovando e expandindo com responsabilidade [&hellip;]","og_url":"https:\/\/www.virginia.com.br\/wp\/sobre\/","og_site_name":"Virginia Distribuidora","article_modified_time":"2025-10-08T15:55:09+00:00","og_image":[{"width":972,"height":892,"url":"https:\/\/www.virginia.com.br\/wp\/wp\/wp-content\/uploads\/2025\/09\/Images.png","type":"image\/png"}],"twitter_card":"summary_large_image","twitter_misc":{"Est. tempo de leitura":"6 minutos"},"schema":{"@context":"https:\/\/schema.org","@graph":[{"@type":"WebPage","@id":"https:\/\/www.virginia.com.br\/wp\/sobre\/","url":"https:\/\/www.virginia.com.br\/wp\/sobre\/","name":"Sobre - Virginia Distribuidora","isPartOf":{"@id":"https:\/\/www.virginia.com.br\/wp\/#website"},"primaryImageOfPage":{"@id":"https:\/\/www.virginia.com.br\/wp\/sobre\/#primaryimage"},"image":{"@id":"https:\/\/www.virginia.com.br\/wp\/sobre\/#primaryimage"},"thumbnailUrl":"https:\/\/www.virginia.com.br\/wp\/wp\/wp-content\/uploads\/2025\/09\/Images.png","datePublished":"2025-06-17T23:25:06+00:00","dateModified":"2025-10-08T15:55:09+00:00","breadcrumb":{"@id":"https:\/\/www.virginia.com.br\/wp\/sobre\/#breadcrumb"},"inLanguage":"pt-BR","potentialAction":[{"@type":"ReadAction","target":["https:\/\/www.virginia.com.br\/wp\/sobre\/"]}]},{"@type":"ImageObject","inLanguage":"pt-BR","@id":"https:\/\/www.virginia.com.br\/wp\/sobre\/#primaryimage","url":"https:\/\/www.virginia.com.br\/wp\/wp\/wp-content\/uploads\/2025\/09\/Images.png","contentUrl":"https:\/\/www.virginia.com.br\/wp\/wp\/wp-content\/uploads\/2025\/09\/Images.png","width":972,"height":892},{"@type":"BreadcrumbList","@id":"https:\/\/www.virginia.com.br\/wp\/sobre\/#breadcrumb","itemListElement":[{"@type":"ListItem","position":1,"name":"In\u00edcio","item":"https:\/\/www.virginia.com.br\/wp\/"},{"@type":"ListItem","position":2,"name":"Sobre"}]},{"@type":"WebSite","@id":"https:\/\/www.virginia.com.br\/wp\/#website","url":"https:\/\/www.virginia.com.br\/wp\/","name":"Virginia Distribuidora","description":"","publisher":{"@id":"https:\/\/www.virginia.com.br\/wp\/#organization"},"potentialAction":[{"@type":"SearchAction","target":{"@type":"EntryPoint","urlTemplate":"https:\/\/www.virginia.com.br\/wp\/?s={search_term_string}"},"query-input":{"@type":"PropertyValueSpecification","valueRequired":true,"valueName":"search_term_string"}}],"inLanguage":"pt-BR"},{"@type":"Organization","@id":"https:\/\/www.virginia.com.br\/wp\/#organization","name":"Virginia Distribuidora","url":"https:\/\/www.virginia.com.br\/wp\/","logo":{"@type":"ImageObject","inLanguage":"pt-BR","@id":"https:\/\/www.virginia.com.br\/wp\/#\/schema\/logo\/image\/","url":"https:\/\/www.virginia.com.br\/wp\/wp\/wp-content\/uploads\/2025\/07\/favicon.jpg","contentUrl":"https:\/\/www.virginia.com.br\/wp\/wp\/wp-content\/uploads\/2025\/07\/favicon.jpg","width":459,"height":459,"caption":"Virginia Distribuidora"},"image":{"@id":"https:\/\/www.virginia.com.br\/wp\/#\/schema\/logo\/image\/"}}]}},"_links":{"self":[{"href":"https:\/\/www.virginia.com.br\/wp\/wp-json\/wp\/v2\/pages\/9","targetHints":{"allow":["GET"]}}],"collection":[{"href":"https:\/\/www.virginia.com.br\/wp\/wp-json\/wp\/v2\/pages"}],"about":[{"href":"https:\/\/www.virginia.com.br\/wp\/wp-json\/wp\/v2\/types\/page"}],"author":[{"embeddable":true,"href":"https:\/\/www.virginia.com.br\/wp\/wp-json\/wp\/v2\/users\/1"}],"replies":[{"embeddable":true,"href":"https:\/\/www.virginia.com.br\/wp\/wp-json\/wp\/v2\/comments?post=9"}],"version-history":[{"count":3,"href":"https:\/\/www.virginia.com.br\/wp\/wp-json\/wp\/v2\/pages\/9\/revisions"}],"predecessor-version":[{"id":1518,"href":"https:\/\/www.virginia.com.br\/wp\/wp-json\/wp\/v2\/pages\/9\/revisions\/1518"}],"wp:attachment":[{"href":"https:\/\/www.virginia.com.br\/wp\/wp-json\/wp\/v2\/media?parent=9"}],"curies":[{"name":"wp","href":"https:\/\/api.w.org\/{rel}","templated":true}]}}